{"id":629,"date":"2023-08-08T13:55:39","date_gmt":"2023-08-08T13:55:39","guid":{"rendered":"https:\/\/thecoda.com\/?page_id=629"},"modified":"2023-08-08T13:57:02","modified_gmt":"2023-08-08T13:57:02","slug":"refund-policy","status":"publish","type":"page","link":"https:\/\/thecoda.com\/es\/refund-policy\/","title":{"rendered":"Pol\u00edtica de reembolso"},"content":{"rendered":"<div style=\"height:30px\" aria-hidden=\"true\" class=\"wp-block-spacer\"><\/div>\n\n\n\n<p><strong>Pol\u00edtica de reembolso<\/strong><\/p>\n\n\n\n<p>Gracias por arrendar con TLSP CODA LLC dba The Coda.<\/p>\n\n\n\n<p>Ofrecemos reembolsos caso por caso. Por favor, consulte su contrato de arrendamiento firmado y \/ o documentaci\u00f3n de arrendamiento para los detalles completos sobre los reembolsos de los pagos.&nbsp;<\/p>\n\n\n\n<p>Si tiene alguna otra pregunta o desea solicitar un reembolso, no dude en ponerse en contacto con nosotros en el tel\u00e9fono 315.313.7033 o por correo electr\u00f3nico en la direcci\u00f3n <a href=\"mailto:leasing@thecoda.com\">leasing@thecoda.com<\/a> o <a href=\"mailto:rs@thecoda.com\">rs@thecoda.com<\/a>&nbsp;<\/p>","protected":false},"excerpt":{"rendered":"<p>Refund Policy Thank you for leasing with TLSP CODA LLC dba The Coda. We offer refunds on a case-by-case basis. Please refer to your signed lease and\/or lease documentation for complete details about refunds for payments.&nbsp; If you have any additional questions or would like to request a refund, feel free to contact us at [&hellip;]<\/p>\n","protected":false},"author":1,"featured_media":0,"parent":0,"menu_order":0,"comment_status":"closed","ping_status":"closed","template":"","meta":{"ghostkit_customizer_options":"","ghostkit_custom_css":"","ghostkit_custom_js_head":"","ghostkit_custom_js_foot":"","ghostkit_typography":"","footnotes":""},"class_list":["post-629","page","type-page","status-publish","hentry"],"yoast_head":"<!-- This site is optimized with the Yoast SEO plugin v27.5 - https:\/\/yoast.com\/product\/yoast-seo-wordpress\/ -->\n<title>Refund Policy - The Coda on Crouse<\/title>\n<meta name=\"robots\" content=\"index, follow, max-snippet:-1, max-image-preview:large, max-video-preview:-1\" \/>\n<link rel=\"canonical\" href=\"https:\/\/thecoda.com\/es\/refund-policy\/\" \/>\n<meta property=\"og:locale\" content=\"es_ES\" \/>\n<meta property=\"og:type\" content=\"article\" \/>\n<meta property=\"og:title\" content=\"Refund Policy - The Coda on Crouse\" \/>\n<meta property=\"og:description\" content=\"Refund Policy Thank you for leasing with TLSP CODA LLC dba The Coda. We offer refunds on a case-by-case basis. Please refer to your signed lease and\/or lease documentation for complete details about refunds for payments.&nbsp; If you have any additional questions or would like to request a refund, feel free to contact us at [&hellip;]\" \/>\n<meta property=\"og:url\" content=\"https:\/\/thecoda.com\/es\/refund-policy\/\" \/>\n<meta property=\"og:site_name\" content=\"The Coda on Crouse\" \/>\n<meta property=\"article:publisher\" content=\"https:\/\/www.facebook.com\/profile.php?id=100092011087072\" \/>\n<meta property=\"article:modified_time\" content=\"2023-08-08T13:57:02+00:00\" \/>\n<meta name=\"twitter:card\" content=\"summary_large_image\" \/>\n<meta name=\"twitter:label1\" content=\"Tiempo de lectura\" \/>\n\t<meta name=\"twitter:data1\" content=\"1 minuto\" \/>\n<script type=\"application\/ld+json\" class=\"yoast-schema-graph\">{\"@context\":\"https:\\\/\\\/schema.org\",\"@graph\":[{\"@type\":\"WebPage\",\"@id\":\"https:\\\/\\\/thecoda.com\\\/refund-policy\\\/\",\"url\":\"https:\\\/\\\/thecoda.com\\\/refund-policy\\\/\",\"name\":\"Refund Policy - The Coda on Crouse\",\"isPartOf\":{\"@id\":\"https:\\\/\\\/thecoda.com\\\/#website\"},\"datePublished\":\"2023-08-08T13:55:39+00:00\",\"dateModified\":\"2023-08-08T13:57:02+00:00\",\"breadcrumb\":{\"@id\":\"https:\\\/\\\/thecoda.com\\\/refund-policy\\\/#breadcrumb\"},\"inLanguage\":\"es\",\"potentialAction\":[{\"@type\":\"ReadAction\",\"target\":[\"https:\\\/\\\/thecoda.com\\\/refund-policy\\\/\"]}]},{\"@type\":\"BreadcrumbList\",\"@id\":\"https:\\\/\\\/thecoda.com\\\/refund-policy\\\/#breadcrumb\",\"itemListElement\":[{\"@type\":\"ListItem\",\"position\":1,\"name\":\"Home\",\"item\":\"https:\\\/\\\/thecoda.com\\\/\"},{\"@type\":\"ListItem\",\"position\":2,\"name\":\"Refund Policy\"}]},{\"@type\":\"WebSite\",\"@id\":\"https:\\\/\\\/thecoda.com\\\/#website\",\"url\":\"https:\\\/\\\/thecoda.com\\\/\",\"name\":\"The Coda on Crouse\",\"description\":\"Syracuse University Off Campus Housing\",\"publisher\":{\"@id\":\"https:\\\/\\\/thecoda.com\\\/#organization\"},\"potentialAction\":[{\"@type\":\"SearchAction\",\"target\":{\"@type\":\"EntryPoint\",\"urlTemplate\":\"https:\\\/\\\/thecoda.com\\\/?s={search_term_string}\"},\"query-input\":{\"@type\":\"PropertyValueSpecification\",\"valueRequired\":true,\"valueName\":\"search_term_string\"}}],\"inLanguage\":\"es\"},{\"@type\":\"Organization\",\"@id\":\"https:\\\/\\\/thecoda.com\\\/#organization\",\"name\":\"The Coda on Crouse\",\"url\":\"https:\\\/\\\/thecoda.com\\\/\",\"logo\":{\"@type\":\"ImageObject\",\"inLanguage\":\"es\",\"@id\":\"https:\\\/\\\/thecoda.com\\\/#\\\/schema\\\/logo\\\/image\\\/\",\"url\":\"https:\\\/\\\/thecoda.com\\\/wp-content\\\/uploads\\\/2023\\\/04\\\/TheCoda_logo_hztl_Poppy_CMYK.jpg\",\"contentUrl\":\"https:\\\/\\\/thecoda.com\\\/wp-content\\\/uploads\\\/2023\\\/04\\\/TheCoda_logo_hztl_Poppy_CMYK.jpg\",\"width\":2028,\"height\":604,\"caption\":\"The Coda on Crouse\"},\"image\":{\"@id\":\"https:\\\/\\\/thecoda.com\\\/#\\\/schema\\\/logo\\\/image\\\/\"},\"sameAs\":[\"https:\\\/\\\/www.facebook.com\\\/profile.php?id=100092011087072\",\"https:\\\/\\\/www.instagram.com\\\/thecodaoncrouse\\\/\"]}]}<\/script>\n<!-- \/ Yoast SEO plugin. -->","yoast_head_json":{"title":"Refund Policy - The Coda on Crouse","robots":{"index":"index","follow":"follow","max-snippet":"max-snippet:-1","max-image-preview":"max-image-preview:large","max-video-preview":"max-video-preview:-1"},"canonical":"https:\/\/thecoda.com\/es\/refund-policy\/","og_locale":"es_ES","og_type":"article","og_title":"Refund Policy - The Coda on Crouse","og_description":"Refund Policy Thank you for leasing with TLSP CODA LLC dba The Coda. We offer refunds on a case-by-case basis. Please refer to your signed lease and\/or lease documentation for complete details about refunds for payments.&nbsp; If you have any additional questions or would like to request a refund, feel free to contact us at [&hellip;]","og_url":"https:\/\/thecoda.com\/es\/refund-policy\/","og_site_name":"The Coda on Crouse","article_publisher":"https:\/\/www.facebook.com\/profile.php?id=100092011087072","article_modified_time":"2023-08-08T13:57:02+00:00","twitter_card":"summary_large_image","twitter_misc":{"Tiempo de lectura":"1 minuto"},"schema":{"@context":"https:\/\/schema.org","@graph":[{"@type":"WebPage","@id":"https:\/\/thecoda.com\/refund-policy\/","url":"https:\/\/thecoda.com\/refund-policy\/","name":"Refund Policy - The Coda on Crouse","isPartOf":{"@id":"https:\/\/thecoda.com\/#website"},"datePublished":"2023-08-08T13:55:39+00:00","dateModified":"2023-08-08T13:57:02+00:00","breadcrumb":{"@id":"https:\/\/thecoda.com\/refund-policy\/#breadcrumb"},"inLanguage":"es","potentialAction":[{"@type":"ReadAction","target":["https:\/\/thecoda.com\/refund-policy\/"]}]},{"@type":"BreadcrumbList","@id":"https:\/\/thecoda.com\/refund-policy\/#breadcrumb","itemListElement":[{"@type":"ListItem","position":1,"name":"Home","item":"https:\/\/thecoda.com\/"},{"@type":"ListItem","position":2,"name":"Refund Policy"}]},{"@type":"WebSite","@id":"https:\/\/thecoda.com\/#website","url":"https:\/\/thecoda.com\/","name":"The Coda on Crouse","description":"Alojamiento fuera del campus de la Universidad de Syracuse","publisher":{"@id":"https:\/\/thecoda.com\/#organization"},"potentialAction":[{"@type":"SearchAction","target":{"@type":"EntryPoint","urlTemplate":"https:\/\/thecoda.com\/?s={search_term_string}"},"query-input":{"@type":"PropertyValueSpecification","valueRequired":true,"valueName":"search_term_string"}}],"inLanguage":"es"},{"@type":"Organization","@id":"https:\/\/thecoda.com\/#organization","name":"The Coda on Crouse","url":"https:\/\/thecoda.com\/","logo":{"@type":"ImageObject","inLanguage":"es","@id":"https:\/\/thecoda.com\/#\/schema\/logo\/image\/","url":"https:\/\/thecoda.com\/wp-content\/uploads\/2023\/04\/TheCoda_logo_hztl_Poppy_CMYK.jpg","contentUrl":"https:\/\/thecoda.com\/wp-content\/uploads\/2023\/04\/TheCoda_logo_hztl_Poppy_CMYK.jpg","width":2028,"height":604,"caption":"The Coda on Crouse"},"image":{"@id":"https:\/\/thecoda.com\/#\/schema\/logo\/image\/"},"sameAs":["https:\/\/www.facebook.com\/profile.php?id=100092011087072","https:\/\/www.instagram.com\/thecodaoncrouse\/"]}]}},"_links":{"self":[{"href":"https:\/\/thecoda.com\/es\/wp-json\/wp\/v2\/pages\/629","targetHints":{"allow":["GET"]}}],"collection":[{"href":"https:\/\/thecoda.com\/es\/wp-json\/wp\/v2\/pages"}],"about":[{"href":"https:\/\/thecoda.com\/es\/wp-json\/wp\/v2\/types\/page"}],"author":[{"embeddable":true,"href":"https:\/\/thecoda.com\/es\/wp-json\/wp\/v2\/users\/1"}],"replies":[{"embeddable":true,"href":"https:\/\/thecoda.com\/es\/wp-json\/wp\/v2\/comments?post=629"}],"version-history":[{"count":3,"href":"https:\/\/thecoda.com\/es\/wp-json\/wp\/v2\/pages\/629\/revisions"}],"predecessor-version":[{"id":632,"href":"https:\/\/thecoda.com\/es\/wp-json\/wp\/v2\/pages\/629\/revisions\/632"}],"wp:attachment":[{"href":"https:\/\/thecoda.com\/es\/wp-json\/wp\/v2\/media?parent=629"}],"curies":[{"name":"wp","href":"https:\/\/api.w.org\/{rel}","templated":true}]}}